{"id":996,"date":"2025-10-08T08:11:39","date_gmt":"2025-10-08T08:11:39","guid":{"rendered":"https:\/\/comunicaccio.com\/?page_id=996"},"modified":"2025-10-08T14:14:07","modified_gmt":"2025-10-08T14:14:07","slug":"agenda","status":"publish","type":"page","link":"https:\/\/comunicaccio.com\/es\/agenda\/","title":{"rendered":"Agenda"},"content":{"rendered":"<div class=\"wpb-content-wrapper\">[vc_row][vc_column][vc_row_inner][vc_column_inner width=\u00bb1\/4&#8243;][\/vc_column_inner][vc_column_inner width=\u00bb1\/2&#8243;][vc_column_text css=\u00bb\u00bb text_align=\u00bbcenter\u00bb color=\u00bb#000000&#8243; font_size=\u00bb40&#8243; font_family=\u00bbQuestrial\u00bb font_weight=\u00bb800&#8243;]Mi agenda[\/vc_column_text][vc_empty_space height=\u00bb20px\u00bb][vc_column_text css=\u00bb\u00bb text_align=\u00bbcenter\u00bb color=\u00bb#000000&#8243; font_size=\u00bb20&#8243; font_family=\u00bbQuestrial\u00bb font_weight=\u00bb400&#8243; line_height=\u00bbtight\u00bb]Aqu\u00ed podr\u00e9is encontrar mis pr\u00f3ximas charlas, formaciones, <em>networkings<\/em>&#8230; y si quieres apuntarte, no dudes en ponerte en contacto conmigo y te reservar\u00e9 una plaza.[\/vc_column_text][vc_empty_space height=\u00bb40px\u00bb]<style>.vcex-multi-buttons.vcex_69dfd64f76698 .theme-button,.vcex-multi-buttons.vcex_69dfd64f76698 .theme-txt-link{padding-block:13px;border-radius:var(--wpex-rounded-sm);border-width:2px;}<\/style><div class=\"vcex-multi-buttons wpex-flex wpex-flex-wrap wpex-items-center wpex-gap-10 wpex-justify-center vcex_69dfd64f76698\"><a href=\"https:\/\/comunicaccio.com\/es\/contacta\/\" title=\"Contacta\" class=\"theme-button flat outline-transparent wpex-text-center vcex-count-1\" style=\"background:#a1131c;\" data-wpex-hover=\"{&quot;background&quot;:&quot;#010101&quot;}\">Contactar<\/a><a href=\"https:\/\/calendar.google.com\/calendar\/u\/0\/appointments\/schedules\/AcZssZ3KDgxiphZtlHygANmGi-T08wQh_ZhexQ9EY-1va3ocCpyqopDiI62LPqbH3rTMMBKiwe6F0lly\" title=\"Buscar un forat per a una reuni\u00f3\" class=\"theme-button outline black wpex-text-center vcex-count-2\" target=\"_blank\" rel=\"noopener noreferrer\">Quiero reunirme contigo \u2192<\/a><\/div>[\/vc_column_inner][vc_column_inner width=\u00bb1\/4&#8243;][\/vc_column_inner][\/vc_row_inner][\/vc_column][\/vc_row][vc_row][vc_column width=\u00bb1\/2&#8243;][vc_column_text css=\u00bb\u00bb text_align=\u00bbcenter\u00bb color=\u00bb#000000&#8243; font_size=\u00bb20&#8243; font_family=\u00bbQuestrial\u00bb font_weight=\u00bb400&#8243; line_height=\u00bbtight\u00bb]\n<div style=\"background: #fff; padding: 24px; border-radius: 14px; box-shadow: 0 4px 14px rgba(0,0,0,0.08); max-width: 900px; margin: 0 auto;\">\n<p style=\"text-align: center; font-family: 'Questrial', sans-serif; font-size: 22px; font-weight: 600; letter-spacing: 1px; color: #111; margin-bottom: 18px; border-bottom: 1px solid #e0e0e0; padding-bottom: 8px;\">CALENDARIO<\/p>\n<p><iframe style=\"border: 0; width: 100%; height: 600px; border-radius: 10px; filter: grayscale(20%);\" src=\"https:\/\/calendar.google.com\/calendar\/embed?src=mh.comunicaccio%40gmail.com&amp;ctz=Europe%2FMadrid&amp;mode=MONTH&amp;showTitle=0&amp;showPrint=0&amp;showTabs=0&amp;showCalendars=0&amp;showTz=0&amp;bgcolor=%23ffffff&amp;color=%23a1131c&amp;hl=es\" frameborder=\"0\" scrolling=\"no\"><br \/>\n<\/iframe><\/p>\n<\/div>\n[\/vc_column_text][\/vc_column][vc_column width=\u00bb1\/2&#8243; css=\u00bb.vc_custom_1759912474895{padding-top: 0px !important;}\u00bb][vc_column_text css=\u00bb\u00bb text_align=\u00bbcenter\u00bb color=\u00bb#000000&#8243; font_size=\u00bb20&#8243; font_family=\u00bbQuestrial\u00bb font_weight=\u00bb400&#8243; line_height=\u00bbtight\u00bb]\n<div style=\"background: #fff; padding: 0; border-radius: 0; box-shadow: none; max-width: 900px; margin: 0 auto;\">\n<p style=\"text-align: center; font-family: 'Questrial', sans-serif; font-size: 16px; font-weight: 600; letter-spacing: 1px; color: #a1131c; margin-bottom: 14px;\">PR\u00d3XIMOS EVENTOS<\/p>\n<div style=\"transform: scale(0.85); transform-origin: top center;\"><iframe style=\"border: 0; width: 118%; height: 750px; border-radius: 10px;\" src=\"https:\/\/calendar.google.com\/calendar\/embed?src=mh.comunicaccio%40gmail.com&amp;ctz=Europe%2FMadrid&amp;mode=AGENDA&amp;showTitle=0&amp;showPrint=0&amp;showTabs=0&amp;showCalendars=0&amp;showTz=0&amp;bgcolor=%23ffffff&amp;color=%23a1131c&amp;hl=es\" frameborder=\"0\" scrolling=\"no\"><br \/>\n<\/iframe><\/div>\n<\/div>\n[\/vc_column_text][\/vc_column][\/vc_row]\n<\/div>","protected":false},"excerpt":{"rendered":"<p>[vc_row][vc_column][vc_row_inner][vc_column_inner width=\u00bb1\/4&#8243;][\/vc_column_inner][vc_column_inner width=\u00bb1\/2&#8243;][vc_column_text css=\u00bb\u00bb text_align=\u00bbcenter\u00bb color=\u00bb#000000&#8243; font_size=\u00bb40&#8243; font_family=\u00bbQuestrial\u00bb font_weight=\u00bb800&#8243;]Mi agenda[\/vc_column_text][vc_empty_space height=\u00bb20px\u00bb][vc_column_text css=\u00bb\u00bb text_align=\u00bbcenter\u00bb color=\u00bb#000000&#8243; font_size=\u00bb20&#8243; font_family=\u00bbQuestrial\u00bb font_weight=\u00bb400&#8243; line_height=\u00bbtight\u00bb]Aqu\u00ed podr\u00e9is encontrar mis pr\u00f3ximas charlas, formaciones, networkings&#8230; y si quieres apuntarte, no dudes en ponerte en contacto conmigo y te reservar\u00e9 una plaza.[\/vc_column_text][vc_empty_space height=\u00bb40px\u00bb][\/vc_column_inner][vc_column_inner width=\u00bb1\/4&#8243;][\/vc_column_inner][\/vc_row_inner][\/vc_column][\/vc_row][vc_row][vc_column width=\u00bb1\/2&#8243;][vc_column_text css=\u00bb\u00bb text_align=\u00bbcenter\u00bb color=\u00bb#000000&#8243; font_size=\u00bb20&#8243; font_family=\u00bbQuestrial\u00bb font_weight=\u00bb400&#8243; line_height=\u00bbtight\u00bb] CALENDARIO [\/vc_column_text][\/vc_column][vc_column width=\u00bb1\/2&#8243; css=\u00bb.vc_custom_1759912474895{padding-top:&hellip;<\/p>\n","protected":false},"author":4,"featured_media":0,"parent":0,"menu_order":0,"comment_status":"closed","ping_status":"closed","template":"","meta":{"_joinchat":[],"footnotes":""},"class_list":["post-996","page","type-page","status-publish","hentry","entry","no-media"],"yoast_head":"<!-- This site is optimized with the Yoast SEO plugin v27.1.1 - https:\/\/yoast.com\/product\/yoast-seo-wordpress\/ -->\n<title>Agenda - ComunicAcci\u00f3 \u00b7 Connectem persones, impulsem projectes<\/title>\n<meta name=\"robots\" content=\"index, follow, max-snippet:-1, max-image-preview:large, max-video-preview:-1\" \/>\n<link rel=\"canonical\" href=\"https:\/\/comunicaccio.com\/es\/agenda\/\" \/>\n<meta property=\"og:locale\" content=\"es_ES\" \/>\n<meta property=\"og:type\" content=\"article\" \/>\n<meta property=\"og:title\" content=\"Agenda - ComunicAcci\u00f3 \u00b7 Connectem persones, impulsem projectes\" \/>\n<meta property=\"og:description\" content=\"[vc_row][vc_column][vc_row_inner][vc_column_inner width=\u00bb1\/4&#8243;][\/vc_column_inner][vc_column_inner width=\u00bb1\/2&#8243;][vc_column_text css=\u00bb\u00bb text_align=\u00bbcenter\u00bb color=\u00bb#000000&#8243; font_size=\u00bb40&#8243; font_family=\u00bbQuestrial\u00bb font_weight=\u00bb800&#8243;]Mi agenda[\/vc_column_text][vc_empty_space height=\u00bb20px\u00bb][vc_column_text css=\u00bb\u00bb text_align=\u00bbcenter\u00bb color=\u00bb#000000&#8243; font_size=\u00bb20&#8243; font_family=\u00bbQuestrial\u00bb font_weight=\u00bb400&#8243; line_height=\u00bbtight\u00bb]Aqu\u00ed podr\u00e9is encontrar mis pr\u00f3ximas charlas, formaciones, networkings&#8230; y si quieres apuntarte, no dudes en ponerte en contacto conmigo y te reservar\u00e9 una plaza.[\/vc_column_text][vc_empty_space height=\u00bb40px\u00bb][\/vc_column_inner][vc_column_inner width=\u00bb1\/4&#8243;][\/vc_column_inner][\/vc_row_inner][\/vc_column][\/vc_row][vc_row][vc_column width=\u00bb1\/2&#8243;][vc_column_text css=\u00bb\u00bb text_align=\u00bbcenter\u00bb color=\u00bb#000000&#8243; font_size=\u00bb20&#8243; font_family=\u00bbQuestrial\u00bb font_weight=\u00bb400&#8243; line_height=\u00bbtight\u00bb] CALENDARIO [\/vc_column_text][\/vc_column][vc_column width=\u00bb1\/2&#8243; css=\u00bb.vc_custom_1759912474895{padding-top:&hellip;\" \/>\n<meta property=\"og:url\" content=\"https:\/\/comunicaccio.com\/es\/agenda\/\" \/>\n<meta property=\"og:site_name\" content=\"ComunicAcci\u00f3 \u00b7 Connectem persones, impulsem projectes\" \/>\n<meta property=\"article:modified_time\" content=\"2025-10-08T14:14:07+00:00\" \/>\n<meta name=\"twitter:card\" content=\"summary_large_image\" \/>\n<meta name=\"twitter:label1\" content=\"Tiempo de lectura\" \/>\n\t<meta name=\"twitter:data1\" content=\"1 minuto\" \/>\n<script type=\"application\/ld+json\" class=\"yoast-schema-graph\">{\"@context\":\"https:\/\/schema.org\",\"@graph\":[{\"@type\":\"WebPage\",\"@id\":\"https:\/\/comunicaccio.com\/es\/agenda\/\",\"url\":\"https:\/\/comunicaccio.com\/es\/agenda\/\",\"name\":\"Agenda - ComunicAcci\u00f3 \u00b7 Connectem persones, impulsem projectes\",\"isPartOf\":{\"@id\":\"https:\/\/comunicaccio.com\/#website\"},\"datePublished\":\"2025-10-08T08:11:39+00:00\",\"dateModified\":\"2025-10-08T14:14:07+00:00\",\"breadcrumb\":{\"@id\":\"https:\/\/comunicaccio.com\/es\/agenda\/#breadcrumb\"},\"inLanguage\":\"es\",\"potentialAction\":[{\"@type\":\"ReadAction\",\"target\":[\"https:\/\/comunicaccio.com\/es\/agenda\/\"]}]},{\"@type\":\"BreadcrumbList\",\"@id\":\"https:\/\/comunicaccio.com\/es\/agenda\/#breadcrumb\",\"itemListElement\":[{\"@type\":\"ListItem\",\"position\":1,\"name\":\"Home\",\"item\":\"https:\/\/comunicaccio.com\/es\/\"},{\"@type\":\"ListItem\",\"position\":2,\"name\":\"Agenda\"}]},{\"@type\":\"WebSite\",\"@id\":\"https:\/\/comunicaccio.com\/#website\",\"url\":\"https:\/\/comunicaccio.com\/\",\"name\":\"ComunicAcci\u00f3 \u00b7 Connectem persones, impulsem projectes\",\"description\":\"Cetrex new project\",\"publisher\":{\"@id\":\"https:\/\/comunicaccio.com\/#organization\"},\"potentialAction\":[{\"@type\":\"SearchAction\",\"target\":{\"@type\":\"EntryPoint\",\"urlTemplate\":\"https:\/\/comunicaccio.com\/?s={search_term_string}\"},\"query-input\":{\"@type\":\"PropertyValueSpecification\",\"valueRequired\":true,\"valueName\":\"search_term_string\"}}],\"inLanguage\":\"es\"},{\"@type\":\"Organization\",\"@id\":\"https:\/\/comunicaccio.com\/#organization\",\"name\":\"ComunicAcci\u00f3 \u00b7 Connectem persones, impulsem projectes\",\"url\":\"https:\/\/comunicaccio.com\/\",\"logo\":{\"@type\":\"ImageObject\",\"inLanguage\":\"es\",\"@id\":\"https:\/\/comunicaccio.com\/#\/schema\/logo\/image\/\",\"url\":\"https:\/\/comunicaccio.com\/wp-content\/uploads\/2025\/05\/logoCOL.png\",\"contentUrl\":\"https:\/\/comunicaccio.com\/wp-content\/uploads\/2025\/05\/logoCOL.png\",\"width\":1591,\"height\":235,\"caption\":\"ComunicAcci\u00f3 \u00b7 Connectem persones, impulsem projectes\"},\"image\":{\"@id\":\"https:\/\/comunicaccio.com\/#\/schema\/logo\/image\/\"}}]}<\/script>\n<!-- \/ Yoast SEO plugin. -->","yoast_head_json":{"title":"Agenda - ComunicAcci\u00f3 \u00b7 Connectem persones, impulsem projectes","robots":{"index":"index","follow":"follow","max-snippet":"max-snippet:-1","max-image-preview":"max-image-preview:large","max-video-preview":"max-video-preview:-1"},"canonical":"https:\/\/comunicaccio.com\/es\/agenda\/","og_locale":"es_ES","og_type":"article","og_title":"Agenda - ComunicAcci\u00f3 \u00b7 Connectem persones, impulsem projectes","og_description":"[vc_row][vc_column][vc_row_inner][vc_column_inner width=\u00bb1\/4&#8243;][\/vc_column_inner][vc_column_inner width=\u00bb1\/2&#8243;][vc_column_text css=\u00bb\u00bb text_align=\u00bbcenter\u00bb color=\u00bb#000000&#8243; font_size=\u00bb40&#8243; font_family=\u00bbQuestrial\u00bb font_weight=\u00bb800&#8243;]Mi agenda[\/vc_column_text][vc_empty_space height=\u00bb20px\u00bb][vc_column_text css=\u00bb\u00bb text_align=\u00bbcenter\u00bb color=\u00bb#000000&#8243; font_size=\u00bb20&#8243; font_family=\u00bbQuestrial\u00bb font_weight=\u00bb400&#8243; line_height=\u00bbtight\u00bb]Aqu\u00ed podr\u00e9is encontrar mis pr\u00f3ximas charlas, formaciones, networkings&#8230; y si quieres apuntarte, no dudes en ponerte en contacto conmigo y te reservar\u00e9 una plaza.[\/vc_column_text][vc_empty_space height=\u00bb40px\u00bb][\/vc_column_inner][vc_column_inner width=\u00bb1\/4&#8243;][\/vc_column_inner][\/vc_row_inner][\/vc_column][\/vc_row][vc_row][vc_column width=\u00bb1\/2&#8243;][vc_column_text css=\u00bb\u00bb text_align=\u00bbcenter\u00bb color=\u00bb#000000&#8243; font_size=\u00bb20&#8243; font_family=\u00bbQuestrial\u00bb font_weight=\u00bb400&#8243; line_height=\u00bbtight\u00bb] CALENDARIO [\/vc_column_text][\/vc_column][vc_column width=\u00bb1\/2&#8243; css=\u00bb.vc_custom_1759912474895{padding-top:&hellip;","og_url":"https:\/\/comunicaccio.com\/es\/agenda\/","og_site_name":"ComunicAcci\u00f3 \u00b7 Connectem persones, impulsem projectes","article_modified_time":"2025-10-08T14:14:07+00:00","twitter_card":"summary_large_image","twitter_misc":{"Tiempo de lectura":"1 minuto"},"schema":{"@context":"https:\/\/schema.org","@graph":[{"@type":"WebPage","@id":"https:\/\/comunicaccio.com\/es\/agenda\/","url":"https:\/\/comunicaccio.com\/es\/agenda\/","name":"Agenda - ComunicAcci\u00f3 \u00b7 Connectem persones, impulsem projectes","isPartOf":{"@id":"https:\/\/comunicaccio.com\/#website"},"datePublished":"2025-10-08T08:11:39+00:00","dateModified":"2025-10-08T14:14:07+00:00","breadcrumb":{"@id":"https:\/\/comunicaccio.com\/es\/agenda\/#breadcrumb"},"inLanguage":"es","potentialAction":[{"@type":"ReadAction","target":["https:\/\/comunicaccio.com\/es\/agenda\/"]}]},{"@type":"BreadcrumbList","@id":"https:\/\/comunicaccio.com\/es\/agenda\/#breadcrumb","itemListElement":[{"@type":"ListItem","position":1,"name":"Home","item":"https:\/\/comunicaccio.com\/es\/"},{"@type":"ListItem","position":2,"name":"Agenda"}]},{"@type":"WebSite","@id":"https:\/\/comunicaccio.com\/#website","url":"https:\/\/comunicaccio.com\/","name":"ComunicAcci\u00f3 \u00b7 Connectem persones, impulsem projectes","description":"Cetrex new project","publisher":{"@id":"https:\/\/comunicaccio.com\/#organization"},"potentialAction":[{"@type":"SearchAction","target":{"@type":"EntryPoint","urlTemplate":"https:\/\/comunicaccio.com\/?s={search_term_string}"},"query-input":{"@type":"PropertyValueSpecification","valueRequired":true,"valueName":"search_term_string"}}],"inLanguage":"es"},{"@type":"Organization","@id":"https:\/\/comunicaccio.com\/#organization","name":"ComunicAcci\u00f3 \u00b7 Connectem persones, impulsem projectes","url":"https:\/\/comunicaccio.com\/","logo":{"@type":"ImageObject","inLanguage":"es","@id":"https:\/\/comunicaccio.com\/#\/schema\/logo\/image\/","url":"https:\/\/comunicaccio.com\/wp-content\/uploads\/2025\/05\/logoCOL.png","contentUrl":"https:\/\/comunicaccio.com\/wp-content\/uploads\/2025\/05\/logoCOL.png","width":1591,"height":235,"caption":"ComunicAcci\u00f3 \u00b7 Connectem persones, impulsem projectes"},"image":{"@id":"https:\/\/comunicaccio.com\/#\/schema\/logo\/image\/"}}]}},"_links":{"self":[{"href":"https:\/\/comunicaccio.com\/es\/wp-json\/wp\/v2\/pages\/996","targetHints":{"allow":["GET"]}}],"collection":[{"href":"https:\/\/comunicaccio.com\/es\/wp-json\/wp\/v2\/pages"}],"about":[{"href":"https:\/\/comunicaccio.com\/es\/wp-json\/wp\/v2\/types\/page"}],"author":[{"embeddable":true,"href":"https:\/\/comunicaccio.com\/es\/wp-json\/wp\/v2\/users\/4"}],"replies":[{"embeddable":true,"href":"https:\/\/comunicaccio.com\/es\/wp-json\/wp\/v2\/comments?post=996"}],"version-history":[{"count":6,"href":"https:\/\/comunicaccio.com\/es\/wp-json\/wp\/v2\/pages\/996\/revisions"}],"predecessor-version":[{"id":1040,"href":"https:\/\/comunicaccio.com\/es\/wp-json\/wp\/v2\/pages\/996\/revisions\/1040"}],"wp:attachment":[{"href":"https:\/\/comunicaccio.com\/es\/wp-json\/wp\/v2\/media?parent=996"}],"curies":[{"name":"wp","href":"https:\/\/api.w.org\/{rel}","templated":true}]}}