{"id":904,"date":"2025-09-17T15:51:37","date_gmt":"2025-09-17T15:51:37","guid":{"rendered":"https:\/\/comunicaccio.com\/?page_id=904"},"modified":"2025-10-08T14:09:53","modified_gmt":"2025-10-08T14:09:53","slug":"contacta","status":"publish","type":"page","link":"https:\/\/comunicaccio.com\/es\/contacta\/","title":{"rendered":"Contacta"},"content":{"rendered":"<div class=\"wpb-content-wrapper\">[vc_row][vc_column css=\u00bb.vc_custom_1753646312973{padding-top: 5% !important;padding-right: 5% !important;padding-bottom: 5% !important;padding-left: 5% !important;background-color: #A1131C !important;border-radius: 20px !important;}\u00bb][vc_empty_space height=\u00bb20px\u00bb][vc_column_text css=\u00bb.vc_custom_1753646548329{border-color: #FFFFFF !important;}\u00bb color=\u00bb#ffffff\u00bb font_size=\u00bb30&#8243; font_family=\u00bbQuestrial\u00bb font_weight=\u00bb800&#8243; line_height=\u00bbtight\u00bb text_align=\u00bbcenter\u00bb]<img decoding=\"async\" class=\"wp-image-637 aligncenter\" src=\"https:\/\/comunicaccio.com\/wp-content\/uploads\/2025\/06\/balloon_chat_conversation_speak_word_icon.png\" alt=\"\" width=\"60\" height=\"60\" \/>\u00bfHablamos?[\/vc_column_text][vc_empty_space height=\u00bb20px\u00bb][vc_column_text css=\u00bb.vc_custom_1753646556653{padding-right: 20% !important;padding-left: 20% !important;border-color: #FFFFFF !important;}\u00bb color=\u00bb#ffffff\u00bb font_size=\u00bb22&#8243; font_family=\u00bbQuestrial\u00bb font_weight=\u00bb800&#8243; line_height=\u00bbtight\u00bb text_align=\u00bbcenter\u00bb]\n<p data-start=\"0\" data-end=\"211\">Si te interesa participar en <em data-start=\"29\" data-end=\"47\">Caf\u00e9 &amp; Sinergias<\/em>, organizar una formaci\u00f3n en tu municipio o empresa, o necesitas ayuda para aumentar la visibilidad de tu proyecto, <strong>aqu\u00ed tienes un espacio para empezar a conversar.<\/strong><\/p>\n<p data-start=\"213\" data-end=\"327\" data-is-last-node=\"\" data-is-only-node=\"\">Rellena el formulario y te responder\u00e9 lo antes posible.<br data-start=\"268\" data-end=\"271\" \/><strong>Te escucho. Te leo. Y si quieres, nos vemos con un caf\u00e9.<\/strong><\/p>\n[\/vc_column_text][vc_empty_space height=\u00bb40px\u00bb][vc_row_inner][vc_column_inner width=\u00bb1\/6&#8243; css=\u00bb.vc_custom_1748340516890{padding-top: 5% !important;padding-right: 5% !important;padding-bottom: 5% !important;padding-left: 5% !important;border-radius: 10px !important;}\u00bb][\/vc_column_inner][vc_column_inner width=\u00bb2\/3&#8243; css=\u00bb.vc_custom_1759932488415{padding-top: 5% !important;padding-right: 5% !important;padding-bottom: 5% !important;padding-left: 5% !important;background-color: #E0E0E0 !important;border-radius: 10px !important;}\u00bb]\n<div class=\"wpcf7 no-js\" id=\"wpcf7-f804-o1\" lang=\"es-ES\" dir=\"ltr\" data-wpcf7-id=\"804\">\n<div class=\"screen-reader-response\"><p role=\"status\" aria-live=\"polite\" aria-atomic=\"true\"><\/p> <ul><\/ul><\/div>\n<form action=\"\/es\/wp-json\/wp\/v2\/pages\/904#wpcf7-f804-o1\" method=\"post\" class=\"wpcf7-form init\" aria-label=\"Formulario de contacto\" novalidate=\"novalidate\" data-status=\"init\">\n<fieldset class=\"hidden-fields-container\"><input type=\"hidden\" name=\"_wpcf7\" value=\"804\" \/><input type=\"hidden\" name=\"_wpcf7_version\" value=\"6.1.5\" \/><input type=\"hidden\" name=\"_wpcf7_locale\" value=\"es_ES\" \/><input type=\"hidden\" name=\"_wpcf7_unit_tag\" value=\"wpcf7-f804-o1\" \/><input type=\"hidden\" name=\"_wpcf7_container_post\" value=\"0\" \/><input type=\"hidden\" name=\"_wpcf7_posted_data_hash\" value=\"\" \/><input type=\"hidden\" name=\"_wpcf7_recaptcha_response\" value=\"\" \/>\n<\/fieldset>\n<p><b>TUS DATOS<\/b>\n<\/p>\n<p><span class=\"wpcf7-form-control-wrap\" data-name=\"your-name\"><input size=\"40\" maxlength=\"400\" class=\"wpcf7-form-control wpcf7-text wpcf7-validates-as-required\" aria-required=\"true\" aria-invalid=\"false\" placeholder=\"Nombre y apellidos\" value=\"\" type=\"text\" name=\"your-name\" \/><\/span>\n<\/p>\n<p><span class=\"wpcf7-form-control-wrap\" data-name=\"your-email\"><input size=\"40\" maxlength=\"400\" class=\"wpcf7-form-control wpcf7-email wpcf7-validates-as-required wpcf7-text wpcf7-validates-as-email\" aria-required=\"true\" aria-invalid=\"false\" placeholder=\"Correo electr\u00f3nico\" value=\"\" type=\"email\" name=\"your-email\" \/><\/span>\n<\/p>\n<p><span class=\"wpcf7-form-control-wrap\" data-name=\"your-phone\"><input size=\"40\" maxlength=\"400\" class=\"wpcf7-form-control wpcf7-tel wpcf7-text wpcf7-validates-as-tel\" aria-invalid=\"false\" placeholder=\"Tel\u00e9fono (opcional)\" value=\"\" type=\"tel\" name=\"your-phone\" \/><\/span>\n<\/p>\n<p><b>QUIERO INFORMACI\u00d3N SOBRE...<\/b>\n<\/p>\n<p><span class=\"wpcf7-form-control-wrap\" data-name=\"your-interest\"><select class=\"wpcf7-form-control wpcf7-select wpcf7-validates-as-required\" aria-required=\"true\" aria-invalid=\"false\" name=\"your-interest\"><option value=\"Network-Terapia online\">Network-Terapia online<\/option><option value=\"Caf\u00e8 &amp; Sinergies\">Caf\u00e8 &amp; Sinergies<\/option><option value=\"Networkings en general\">Networkings en general<\/option><option value=\"Consultor\u00edas de comunicaci\u00f3n\">Consultor\u00edas de comunicaci\u00f3n<\/option><option value=\"Otros talleres y formaciones\">Otros talleres y formaciones<\/option><option value=\"Servicios de prensa y actos\">Servicios de prensa y actos<\/option><option value=\"No lo s\u00e9, pero hablemos\">No lo s\u00e9, pero hablemos<\/option><\/select><\/span>\n<\/p>\n<p><b>EXPL\u00cdCAME QU\u00c9 NECESITAS O C\u00d3MO PUEDO AYUDARTE<\/b>\n<\/p>\n<p><span class=\"wpcf7-form-control-wrap\" data-name=\"your-message\"><textarea cols=\"40\" rows=\"10\" maxlength=\"2000\" class=\"wpcf7-form-control wpcf7-textarea wpcf7-validates-as-required form-control\" id=\"your-message\" aria-required=\"true\" aria-invalid=\"false\" name=\"your-message\"><\/textarea><\/span>\n<\/p>\n<p><span><span class=\"wpcf7-form-control-wrap\" data-name=\"acceptance-279\"><span class=\"wpcf7-form-control wpcf7-acceptance\"><span class=\"wpcf7-list-item\"><input type=\"checkbox\" name=\"acceptance-279\" value=\"1\" aria-invalid=\"false\" \/><\/span><\/span><\/span>He le\u00eddo y acepto el <a href=\"https:\/\/comunicaccio.com\/aviso-legal\/\" target=\"_blank\" rel=\"nofollow noopener noreferrer\">Aviso Legal<\/a> y la <a href=\"https:\/\/comunicaccio.com\/politica-de-privacidad\/\" target=\"_blank\" rel=\"nofollow noopener noreferrer\">Pol\u00edtica de Privacidad<\/a><\/span>\n<\/p>\n<p><input class=\"wpcf7-form-control wpcf7-submit has-spinner\" type=\"submit\" value=\"Enviar\" \/>\n<\/p><p style=\"display: none !important;\" class=\"akismet-fields-container\" data-prefix=\"_wpcf7_ak_\"><label>&#916;<textarea name=\"_wpcf7_ak_hp_textarea\" cols=\"45\" rows=\"8\" maxlength=\"100\"><\/textarea><\/label><input type=\"hidden\" id=\"ak_js_1\" name=\"_wpcf7_ak_js\" value=\"100\"\/><script>document.getElementById( \"ak_js_1\" ).setAttribute( \"value\", ( new Date() ).getTime() );<\/script><\/p><div class=\"wpcf7-response-output\" aria-hidden=\"true\"><\/div>\n<\/form>\n<\/div>\n[\/vc_column_inner][vc_column_inner width=\u00bb1\/6&#8243;][\/vc_column_inner][\/vc_row_inner][vc_empty_space height=\u00bb20px\u00bb][vc_column_text css=\u00bb.vc_custom_1753646565012{padding-right: 20% !important;padding-left: 20% !important;border-color: #FFFFFF !important;}\u00bb color=\u00bb#ffffff\u00bb font_size=\u00bb22&#8243; font_family=\u00bbQuestrial\u00bb font_weight=\u00bb800&#8243; line_height=\u00bbtight\u00bb text_align=\u00bbcenter\u00bb]\n<p data-start=\"324\" data-end=\"526\">Tambi\u00e9n puedes escribirme directamente a<br data-start=\"40\" data-end=\"43\" \/><a class=\"cursor-pointer\" rel=\"noopener\" data-start=\"45\" data-end=\"67\" data-is-only-node=\"\">marta@comunicaccio.net<\/a><br data-start=\"69\" data-end=\"72\" \/>o llamarme al <strong data-start=\"86\" data-end=\"106\">+34 659 18 58 16<\/strong>.<\/p>\n[\/vc_column_text][\/vc_column][\/vc_row]\n<\/div>","protected":false},"excerpt":{"rendered":"<p>[vc_row][vc_column css=\u00bb.vc_custom_1753646312973{padding-top: 5% !important;padding-right: 5% !important;padding-bottom: 5% !important;padding-left: 5% !important;background-color: #A1131C !important;border-radius: 20px !important;}\u00bb][vc_empty_space height=\u00bb20px\u00bb][vc_column_text css=\u00bb.vc_custom_1753646548329{border-color: #FFFFFF !important;}\u00bb color=\u00bb#ffffff\u00bb font_size=\u00bb30&#8243; font_family=\u00bbQuestrial\u00bb font_weight=\u00bb800&#8243; line_height=\u00bbtight\u00bb text_align=\u00bbcenter\u00bb]\u00bfHablamos?[\/vc_column_text][vc_empty_space height=\u00bb20px\u00bb][vc_column_text css=\u00bb.vc_custom_1753646556653{padding-right: 20% !important;padding-left: 20% !important;border-color: #FFFFFF !important;}\u00bb color=\u00bb#ffffff\u00bb font_size=\u00bb22&#8243; font_family=\u00bbQuestrial\u00bb font_weight=\u00bb800&#8243; line_height=\u00bbtight\u00bb text_align=\u00bbcenter\u00bb] Si te interesa participar en Caf\u00e9 &amp; Sinergias, organizar una formaci\u00f3n en tu municipio o empresa, o&hellip;<\/p>\n","protected":false},"author":2,"featured_media":0,"parent":0,"menu_order":0,"comment_status":"closed","ping_status":"closed","template":"","meta":{"_joinchat":[],"footnotes":""},"class_list":["post-904","page","type-page","status-publish","hentry","entry","no-media"],"yoast_head":"<!-- This site is optimized with the Yoast SEO plugin v27.1.1 - https:\/\/yoast.com\/product\/yoast-seo-wordpress\/ -->\n<title>Contacta - ComunicAcci\u00f3 \u00b7 Connectem persones, impulsem projectes<\/title>\n<meta name=\"robots\" content=\"index, follow, max-snippet:-1, max-image-preview:large, max-video-preview:-1\" \/>\n<link rel=\"canonical\" href=\"https:\/\/comunicaccio.com\/contacta\/\" \/>\n<meta property=\"og:locale\" content=\"es_ES\" \/>\n<meta property=\"og:type\" content=\"article\" \/>\n<meta property=\"og:title\" content=\"Contacta - ComunicAcci\u00f3 \u00b7 Connectem persones, impulsem projectes\" \/>\n<meta property=\"og:description\" content=\"[vc_row][vc_column css=\u00bb.vc_custom_1753646312973{padding-top: 5% !important;padding-right: 5% !important;padding-bottom: 5% !important;padding-left: 5% !important;background-color: #A1131C !important;border-radius: 20px !important;}\u00bb][vc_empty_space height=\u00bb20px\u00bb][vc_column_text css=\u00bb.vc_custom_1753646548329{border-color: #FFFFFF !important;}\u00bb color=\u00bb#ffffff\u00bb font_size=\u00bb30&#8243; font_family=\u00bbQuestrial\u00bb font_weight=\u00bb800&#8243; line_height=\u00bbtight\u00bb text_align=\u00bbcenter\u00bb]\u00bfHablamos?[\/vc_column_text][vc_empty_space height=\u00bb20px\u00bb][vc_column_text css=\u00bb.vc_custom_1753646556653{padding-right: 20% !important;padding-left: 20% !important;border-color: #FFFFFF !important;}\u00bb color=\u00bb#ffffff\u00bb font_size=\u00bb22&#8243; font_family=\u00bbQuestrial\u00bb font_weight=\u00bb800&#8243; line_height=\u00bbtight\u00bb text_align=\u00bbcenter\u00bb] Si te interesa participar en Caf\u00e9 &amp; Sinergias, organizar una formaci\u00f3n en tu municipio o empresa, o&hellip;\" \/>\n<meta property=\"og:url\" content=\"https:\/\/comunicaccio.com\/contacta\/\" \/>\n<meta property=\"og:site_name\" content=\"ComunicAcci\u00f3 \u00b7 Connectem persones, impulsem projectes\" \/>\n<meta property=\"article:modified_time\" content=\"2025-10-08T14:09:53+00:00\" \/>\n<meta property=\"og:image\" content=\"https:\/\/comunicaccio.com\/wp-content\/uploads\/2025\/06\/balloon_chat_conversation_speak_word_icon.png\" \/>\n\t<meta property=\"og:image:width\" content=\"128\" \/>\n\t<meta property=\"og:image:height\" content=\"128\" \/>\n\t<meta property=\"og:image:type\" content=\"image\/png\" \/>\n<meta name=\"twitter:card\" content=\"summary_large_image\" \/>\n<meta name=\"twitter:label1\" content=\"Tiempo de lectura\" \/>\n\t<meta name=\"twitter:data1\" content=\"1 minuto\" \/>\n<script type=\"application\/ld+json\" class=\"yoast-schema-graph\">{\"@context\":\"https:\/\/schema.org\",\"@graph\":[{\"@type\":\"WebPage\",\"@id\":\"https:\/\/comunicaccio.com\/contacta\/\",\"url\":\"https:\/\/comunicaccio.com\/contacta\/\",\"name\":\"Contacta - ComunicAcci\u00f3 \u00b7 Connectem persones, impulsem projectes\",\"isPartOf\":{\"@id\":\"https:\/\/comunicaccio.com\/#website\"},\"primaryImageOfPage\":{\"@id\":\"https:\/\/comunicaccio.com\/contacta\/#primaryimage\"},\"image\":{\"@id\":\"https:\/\/comunicaccio.com\/contacta\/#primaryimage\"},\"thumbnailUrl\":\"https:\/\/comunicaccio.com\/wp-content\/uploads\/2025\/06\/balloon_chat_conversation_speak_word_icon.png\",\"datePublished\":\"2025-09-17T15:51:37+00:00\",\"dateModified\":\"2025-10-08T14:09:53+00:00\",\"breadcrumb\":{\"@id\":\"https:\/\/comunicaccio.com\/contacta\/#breadcrumb\"},\"inLanguage\":\"es\",\"potentialAction\":[{\"@type\":\"ReadAction\",\"target\":[\"https:\/\/comunicaccio.com\/contacta\/\"]}]},{\"@type\":\"ImageObject\",\"inLanguage\":\"es\",\"@id\":\"https:\/\/comunicaccio.com\/contacta\/#primaryimage\",\"url\":\"https:\/\/comunicaccio.com\/wp-content\/uploads\/2025\/06\/balloon_chat_conversation_speak_word_icon.png\",\"contentUrl\":\"https:\/\/comunicaccio.com\/wp-content\/uploads\/2025\/06\/balloon_chat_conversation_speak_word_icon.png\"},{\"@type\":\"BreadcrumbList\",\"@id\":\"https:\/\/comunicaccio.com\/contacta\/#breadcrumb\",\"itemListElement\":[{\"@type\":\"ListItem\",\"position\":1,\"name\":\"Home\",\"item\":\"https:\/\/comunicaccio.com\/es\/\"},{\"@type\":\"ListItem\",\"position\":2,\"name\":\"Contacta\"}]},{\"@type\":\"WebSite\",\"@id\":\"https:\/\/comunicaccio.com\/#website\",\"url\":\"https:\/\/comunicaccio.com\/\",\"name\":\"ComunicAcci\u00f3 \u00b7 Connectem persones, impulsem projectes\",\"description\":\"Cetrex new project\",\"publisher\":{\"@id\":\"https:\/\/comunicaccio.com\/#organization\"},\"potentialAction\":[{\"@type\":\"SearchAction\",\"target\":{\"@type\":\"EntryPoint\",\"urlTemplate\":\"https:\/\/comunicaccio.com\/?s={search_term_string}\"},\"query-input\":{\"@type\":\"PropertyValueSpecification\",\"valueRequired\":true,\"valueName\":\"search_term_string\"}}],\"inLanguage\":\"es\"},{\"@type\":\"Organization\",\"@id\":\"https:\/\/comunicaccio.com\/#organization\",\"name\":\"ComunicAcci\u00f3 \u00b7 Connectem persones, impulsem projectes\",\"url\":\"https:\/\/comunicaccio.com\/\",\"logo\":{\"@type\":\"ImageObject\",\"inLanguage\":\"es\",\"@id\":\"https:\/\/comunicaccio.com\/#\/schema\/logo\/image\/\",\"url\":\"https:\/\/comunicaccio.com\/wp-content\/uploads\/2025\/05\/logoCOL.png\",\"contentUrl\":\"https:\/\/comunicaccio.com\/wp-content\/uploads\/2025\/05\/logoCOL.png\",\"width\":1591,\"height\":235,\"caption\":\"ComunicAcci\u00f3 \u00b7 Connectem persones, impulsem projectes\"},\"image\":{\"@id\":\"https:\/\/comunicaccio.com\/#\/schema\/logo\/image\/\"}}]}<\/script>\n<!-- \/ Yoast SEO plugin. -->","yoast_head_json":{"title":"Contacta - ComunicAcci\u00f3 \u00b7 Connectem persones, impulsem projectes","robots":{"index":"index","follow":"follow","max-snippet":"max-snippet:-1","max-image-preview":"max-image-preview:large","max-video-preview":"max-video-preview:-1"},"canonical":"https:\/\/comunicaccio.com\/contacta\/","og_locale":"es_ES","og_type":"article","og_title":"Contacta - ComunicAcci\u00f3 \u00b7 Connectem persones, impulsem projectes","og_description":"[vc_row][vc_column css=\u00bb.vc_custom_1753646312973{padding-top: 5% !important;padding-right: 5% !important;padding-bottom: 5% !important;padding-left: 5% !important;background-color: #A1131C !important;border-radius: 20px !important;}\u00bb][vc_empty_space height=\u00bb20px\u00bb][vc_column_text css=\u00bb.vc_custom_1753646548329{border-color: #FFFFFF !important;}\u00bb color=\u00bb#ffffff\u00bb font_size=\u00bb30&#8243; font_family=\u00bbQuestrial\u00bb font_weight=\u00bb800&#8243; line_height=\u00bbtight\u00bb text_align=\u00bbcenter\u00bb]\u00bfHablamos?[\/vc_column_text][vc_empty_space height=\u00bb20px\u00bb][vc_column_text css=\u00bb.vc_custom_1753646556653{padding-right: 20% !important;padding-left: 20% !important;border-color: #FFFFFF !important;}\u00bb color=\u00bb#ffffff\u00bb font_size=\u00bb22&#8243; font_family=\u00bbQuestrial\u00bb font_weight=\u00bb800&#8243; line_height=\u00bbtight\u00bb text_align=\u00bbcenter\u00bb] Si te interesa participar en Caf\u00e9 &amp; Sinergias, organizar una formaci\u00f3n en tu municipio o empresa, o&hellip;","og_url":"https:\/\/comunicaccio.com\/contacta\/","og_site_name":"ComunicAcci\u00f3 \u00b7 Connectem persones, impulsem projectes","article_modified_time":"2025-10-08T14:09:53+00:00","og_image":[{"width":128,"height":128,"url":"https:\/\/comunicaccio.com\/wp-content\/uploads\/2025\/06\/balloon_chat_conversation_speak_word_icon.png","type":"image\/png"}],"twitter_card":"summary_large_image","twitter_misc":{"Tiempo de lectura":"1 minuto"},"schema":{"@context":"https:\/\/schema.org","@graph":[{"@type":"WebPage","@id":"https:\/\/comunicaccio.com\/contacta\/","url":"https:\/\/comunicaccio.com\/contacta\/","name":"Contacta - ComunicAcci\u00f3 \u00b7 Connectem persones, impulsem projectes","isPartOf":{"@id":"https:\/\/comunicaccio.com\/#website"},"primaryImageOfPage":{"@id":"https:\/\/comunicaccio.com\/contacta\/#primaryimage"},"image":{"@id":"https:\/\/comunicaccio.com\/contacta\/#primaryimage"},"thumbnailUrl":"https:\/\/comunicaccio.com\/wp-content\/uploads\/2025\/06\/balloon_chat_conversation_speak_word_icon.png","datePublished":"2025-09-17T15:51:37+00:00","dateModified":"2025-10-08T14:09:53+00:00","breadcrumb":{"@id":"https:\/\/comunicaccio.com\/contacta\/#breadcrumb"},"inLanguage":"es","potentialAction":[{"@type":"ReadAction","target":["https:\/\/comunicaccio.com\/contacta\/"]}]},{"@type":"ImageObject","inLanguage":"es","@id":"https:\/\/comunicaccio.com\/contacta\/#primaryimage","url":"https:\/\/comunicaccio.com\/wp-content\/uploads\/2025\/06\/balloon_chat_conversation_speak_word_icon.png","contentUrl":"https:\/\/comunicaccio.com\/wp-content\/uploads\/2025\/06\/balloon_chat_conversation_speak_word_icon.png"},{"@type":"BreadcrumbList","@id":"https:\/\/comunicaccio.com\/contacta\/#breadcrumb","itemListElement":[{"@type":"ListItem","position":1,"name":"Home","item":"https:\/\/comunicaccio.com\/es\/"},{"@type":"ListItem","position":2,"name":"Contacta"}]},{"@type":"WebSite","@id":"https:\/\/comunicaccio.com\/#website","url":"https:\/\/comunicaccio.com\/","name":"ComunicAcci\u00f3 \u00b7 Connectem persones, impulsem projectes","description":"Cetrex new project","publisher":{"@id":"https:\/\/comunicaccio.com\/#organization"},"potentialAction":[{"@type":"SearchAction","target":{"@type":"EntryPoint","urlTemplate":"https:\/\/comunicaccio.com\/?s={search_term_string}"},"query-input":{"@type":"PropertyValueSpecification","valueRequired":true,"valueName":"search_term_string"}}],"inLanguage":"es"},{"@type":"Organization","@id":"https:\/\/comunicaccio.com\/#organization","name":"ComunicAcci\u00f3 \u00b7 Connectem persones, impulsem projectes","url":"https:\/\/comunicaccio.com\/","logo":{"@type":"ImageObject","inLanguage":"es","@id":"https:\/\/comunicaccio.com\/#\/schema\/logo\/image\/","url":"https:\/\/comunicaccio.com\/wp-content\/uploads\/2025\/05\/logoCOL.png","contentUrl":"https:\/\/comunicaccio.com\/wp-content\/uploads\/2025\/05\/logoCOL.png","width":1591,"height":235,"caption":"ComunicAcci\u00f3 \u00b7 Connectem persones, impulsem projectes"},"image":{"@id":"https:\/\/comunicaccio.com\/#\/schema\/logo\/image\/"}}]}},"_links":{"self":[{"href":"https:\/\/comunicaccio.com\/es\/wp-json\/wp\/v2\/pages\/904","targetHints":{"allow":["GET"]}}],"collection":[{"href":"https:\/\/comunicaccio.com\/es\/wp-json\/wp\/v2\/pages"}],"about":[{"href":"https:\/\/comunicaccio.com\/es\/wp-json\/wp\/v2\/types\/page"}],"author":[{"embeddable":true,"href":"https:\/\/comunicaccio.com\/es\/wp-json\/wp\/v2\/users\/2"}],"replies":[{"embeddable":true,"href":"https:\/\/comunicaccio.com\/es\/wp-json\/wp\/v2\/comments?post=904"}],"version-history":[{"count":2,"href":"https:\/\/comunicaccio.com\/es\/wp-json\/wp\/v2\/pages\/904\/revisions"}],"predecessor-version":[{"id":1038,"href":"https:\/\/comunicaccio.com\/es\/wp-json\/wp\/v2\/pages\/904\/revisions\/1038"}],"wp:attachment":[{"href":"https:\/\/comunicaccio.com\/es\/wp-json\/wp\/v2\/media?parent=904"}],"curies":[{"name":"wp","href":"https:\/\/api.w.org\/{rel}","templated":true}]}}