{"id":540,"date":"2025-05-27T09:25:43","date_gmt":"2025-05-27T09:25:43","guid":{"rendered":"https:\/\/comunicaccio.com\/coneix-comunicaccio\/"},"modified":"2025-07-27T19:51:58","modified_gmt":"2025-07-27T19:51:58","slug":"coneix-comunicaccio","status":"publish","type":"page","link":"https:\/\/comunicaccio.com\/es\/coneix-comunicaccio\/","title":{"rendered":"Conoce Comunicacci\u00f3"},"content":{"rendered":"<div class=\"wpb-content-wrapper\">[vc_row full_width=\u00bbstretch_row_content_no_spaces\u00bb equal_height=\u00bbyes\u00bb][vc_column width=\u00bb1\/2&#8243; css=\u00bb.vc_custom_1748903576497{padding-left: 15% !important;background-color: #A1131C !important;}\u00bb][vc_empty_space height=\u00bb150px\u00bb][vc_column_text css=\u00bb.vc_custom_1753645579699{padding-right: 10% !important;border-color: #FFFFFF !important;}\u00bb color=\u00bb#ffffff\u00bb font_size=\u00bb50&#8243; font_family=\u00bbQuestrial\u00bb font_weight=\u00bb800&#8243; line_height=\u00bbtight\u00bb text_align=\u00bbleft\u00bb]Conoce ComunicAcci\u00f3[\/vc_column_text][vc_empty_space height=\u00bb20px\u00bb][vc_column_text css=\u00bb.vc_custom_1753645607411{padding-right: 20% !important;}\u00bb color=\u00bb#ffffff\u00bb font_size=\u00bb20&#8243; font_family=\u00bbQuestrial\u00bb font_weight=\u00bb400&#8243; line_height=\u00bbtight\u00bb text_align=\u00bbleft\u00bb]\n<p data-start=\"0\" data-end=\"69\"><strong>Soy Marta. Y detr\u00e1s de ComunicAcci\u00f3 hay pasi\u00f3n, escucha y compromiso.<\/strong><\/p>\n<p data-start=\"71\" data-end=\"202\" data-is-last-node=\"\" data-is-only-node=\"\">Una forma de hacer que pone a las personas en el centro y la comunicaci\u00f3n como camino para crear v\u00ednculos y hacer crecer proyectos.<\/p>\n[\/vc_column_text][vc_empty_space height=\u00bb20px\u00bb][vc_column_text css=\u00bb.vc_custom_1753645668770{padding-right: 20% !important;}\u00bb color=\u00bb#ffffff\u00bb font_size=\u00bb20&#8243; font_family=\u00bbQuestrial\u00bb font_weight=\u00bb400&#8243; line_height=\u00bbtight\u00bb text_align=\u00bbleft\u00bb]\n<p data-start=\"0\" data-end=\"254\">Me llamo <strong>Marta Hern\u00e1ndez J\u00f3dar<\/strong>, soy periodista, asesora en comunicaci\u00f3n y formadora. Desde hace m\u00e1s de 15 a\u00f1os, a trav\u00e9s de ComunicAcci\u00f3, ayudo a profesionales, aut\u00f3nomos e instituciones a comunicar mejor, a crear red y a dar visibilidad a sus proyectos.<\/p>\n<p data-start=\"256\" data-end=\"512\" data-is-last-node=\"\" data-is-only-node=\"\">Me apasiona trabajar desde la cercan\u00eda, detectar potenciales y acompa\u00f1arlos hacia el exterior. Soy una persona entusiasta, creativa, con gran capacidad de escucha y mucha experiencia tanto delante como detr\u00e1s del micr\u00f3fono, en el aula y sobre el escenario.<\/p>\n<blockquote data-start=\"1043\" data-end=\"1125\">\n<p data-start=\"1045\" data-end=\"1125\"><strong data-start=\"1045\" data-end=\"1125\">\u201cMi regla n\u00famero 1 para implicarme en un proyecto: me tiene que entusiasmar.\u201d<\/strong><\/p>\n<\/blockquote>\n[\/vc_column_text][vc_empty_space height=\u00bb50px\u00bb][vc_column_text css=\u00bb.vc_custom_1753645732160{padding-right: 20% !important;padding-left: 5% !important;}\u00bb color=\u00bb#ffffff\u00bb font_size=\u00bb16&#8243; font_family=\u00bbQuestrial\u00bb font_weight=\u00bb400&#8243; line_height=\u00bbtight\u00bb text_align=\u00bbleft\u00bb]<span style=\"font-size: 20px;\">Una trayectoria construida desde la pasi\u00f3n<\/span><\/p>\n<ul>\n<li>Licenciada en Ciencias de la Informaci\u00f3n (Periodismo) por la UAB<\/li>\n<li>M\u00e1s de 20 a\u00f1os de experiencia en comunicaci\u00f3n, eventos y relaciones p\u00fablicas<\/li>\n<li>Fundadora y gerente de ComunicAcci\u00f3, S.L. desde 2007<\/li>\n<li>Consultora y asesora para ayuntamientos, entidades y empresas<\/li>\n<li>Formadora acreditada en comunicaci\u00f3n, promoci\u00f3n y habilidades personales<\/li>\n<li>Presentadora y conductora de actos p\u00fablicos e institucionales<\/li>\n<li>Impulsora de proyectos como Caf\u00e8 &amp; Sinergies, espacio de apoyo y networking para aut\u00f3nomos<\/li>\n<li>Presentadora i conductora d\u2019actes p\u00fablics i institucionals<\/li>\n<li>Promotora de projectes com Caf\u00e8 &amp; Sinergies, espai de suport i networking per a aut\u00f2noms<\/li>\n<\/ul>\n[\/vc_column_text][vc_empty_space height=\u00bb20px\u00bb][vc_column_text css=\u00bb.vc_custom_1753645799633{padding-right: 20% !important;padding-left: 5% !important;}\u00bb color=\u00bb#ffffff\u00bb font_size=\u00bb16&#8243; font_family=\u00bbQuestrial\u00bb font_weight=\u00bb400&#8243; line_height=\u00bbtight\u00bb text_align=\u00bbleft\u00bb]<span style=\"font-size: 20px;\">Una forma de hacer<\/span><\/p>\n<p style=\"padding-left: 40px;\">En ComunicAcci\u00f3 trabajamos desde la proximidad, la escucha activa y la confianza. Cada persona, cada proyecto, tiene una historia \u00fanica, y la comunicaci\u00f3n debe adaptarse a esa esencia.<\/p>\n<p style=\"padding-left: 40px;\">Aqu\u00ed no hay f\u00f3rmulas m\u00e1gicas, pero s\u00ed una mirada estrat\u00e9gica, implicaci\u00f3n y un acompa\u00f1amiento real. Porque cuando la comunicaci\u00f3n es coherente, sincera y est\u00e1 bien trabajada, genera impacto y abre puertas.<\/p>\n[\/vc_column_text][vc_empty_space height=\u00bb20px\u00bb][vc_column_text css=\u00bb.vc_custom_1753645854437{padding-right: 20% !important;padding-left: 5% !important;}\u00bb color=\u00bb#ffffff\u00bb font_size=\u00bb16&#8243; font_family=\u00bbQuestrial\u00bb font_weight=\u00bb400&#8243; line_height=\u00bbtight\u00bb text_align=\u00bbleft\u00bb]<span style=\"font-size: 20px;\">\u00a1Y tambi\u00e9n&#8230; actriz amateur desde hace m\u00e1s de 30 a\u00f1os!<\/span><\/p>\n<p style=\"padding-left: 40px;\">El teatro ha sido una escuela de vida. Me ha ense\u00f1ado a comunicar con emoci\u00f3n, a improvisar, a escuchar y a estar presente. Todas estas herramientas las llevo tambi\u00e9n a mi d\u00eda a d\u00eda profesional. Y creo que marcan la diferencia.<\/p>\n[\/vc_column_text][vc_empty_space height=\u00bb30px\u00bb][\/vc_column][vc_column width=\u00bb1\/2&#8243; css=\u00bb.vc_custom_1748903588499{background-color: #A1131C !important;background-position: center !important;background-repeat: no-repeat !important;background-size: cover !important;}\u00bb][vc_single_image image=\u00bb505&#8243; css=\u00bb\u00bb img_caption=\u00bbMarta Hern\u00e1ndez J\u00f3dar\u00bb][\/vc_column][\/vc_row][vc_row][vc_column][vc_empty_space height=\u00bb20px\u00bb][vc_column_text css=\u00bb.vc_custom_1753645882577{border-color: #FFFFFF !important;}\u00bb color=\u00bb#010101&#8243; font_size=\u00bb30&#8243; font_family=\u00bbQuestrial\u00bb font_weight=\u00bb800&#8243; line_height=\u00bbtight\u00bb text_align=\u00bbcenter\u00bb]\u00bfQuieres saber c\u00f3mo puedo ayudarte?[\/vc_column_text][vc_empty_space height=\u00bb20px\u00bb][vc_btn title=\u00bbContacta con nosotros\u00bb style=\u00bboutline\u00bb color=\u00bbblack\u00bb align=\u00bbcenter\u00bb css=\u00bb\u00bb link=\u00bburl:https%3A%2F%2Fcomunicaccio.com%2Fes%2Fcontacta%2F|\u00bb][vc_empty_space height=\u00bb20px\u00bb][\/vc_column][\/vc_row]\n<\/div>","protected":false},"excerpt":{"rendered":"<p>[vc_row full_width=\u00bbstretch_row_content_no_spaces\u00bb equal_height=\u00bbyes\u00bb][vc_column width=\u00bb1\/2&#8243; css=\u00bb.vc_custom_1748903576497{padding-left: 15% !important;background-color: #A1131C !important;}\u00bb][vc_empty_space height=\u00bb150px\u00bb][vc_column_text css=\u00bb.vc_custom_1753645579699{padding-right: 10% !important;border-color: #FFFFFF !important;}\u00bb color=\u00bb#ffffff\u00bb font_size=\u00bb50&#8243; font_family=\u00bbQuestrial\u00bb font_weight=\u00bb800&#8243; line_height=\u00bbtight\u00bb text_align=\u00bbleft\u00bb]Conoce ComunicAcci\u00f3[\/vc_column_text][vc_empty_space height=\u00bb20px\u00bb][vc_column_text css=\u00bb.vc_custom_1753645607411{padding-right: 20% !important;}\u00bb color=\u00bb#ffffff\u00bb font_size=\u00bb20&#8243; font_family=\u00bbQuestrial\u00bb font_weight=\u00bb400&#8243; line_height=\u00bbtight\u00bb text_align=\u00bbleft\u00bb] Soy Marta. Y detr\u00e1s de ComunicAcci\u00f3 hay pasi\u00f3n, escucha y compromiso. Una forma de hacer que pone a las personas en el centro&hellip;<\/p>\n","protected":false},"author":2,"featured_media":0,"parent":0,"menu_order":0,"comment_status":"closed","ping_status":"closed","template":"","meta":{"_joinchat":[],"footnotes":""},"class_list":["post-540","page","type-page","status-publish","hentry","entry","no-media"],"yoast_head":"<!-- This site is optimized with the Yoast SEO plugin v27.1.1 - https:\/\/yoast.com\/product\/yoast-seo-wordpress\/ -->\n<title>Conoce Comunicacci\u00f3 - ComunicAcci\u00f3 \u00b7 Connectem persones, impulsem projectes<\/title>\n<meta name=\"robots\" content=\"index, follow, max-snippet:-1, max-image-preview:large, max-video-preview:-1\" \/>\n<link rel=\"canonical\" href=\"https:\/\/comunicaccio.com\/es\/coneix-comunicaccio\/\" \/>\n<meta property=\"og:locale\" content=\"es_ES\" \/>\n<meta property=\"og:type\" content=\"article\" \/>\n<meta property=\"og:title\" content=\"Conoce Comunicacci\u00f3 - ComunicAcci\u00f3 \u00b7 Connectem persones, impulsem projectes\" \/>\n<meta property=\"og:description\" content=\"[vc_row full_width=\u00bbstretch_row_content_no_spaces\u00bb equal_height=\u00bbyes\u00bb][vc_column width=\u00bb1\/2&#8243; css=\u00bb.vc_custom_1748903576497{padding-left: 15% !important;background-color: #A1131C !important;}\u00bb][vc_empty_space height=\u00bb150px\u00bb][vc_column_text css=\u00bb.vc_custom_1753645579699{padding-right: 10% !important;border-color: #FFFFFF !important;}\u00bb color=\u00bb#ffffff\u00bb font_size=\u00bb50&#8243; font_family=\u00bbQuestrial\u00bb font_weight=\u00bb800&#8243; line_height=\u00bbtight\u00bb text_align=\u00bbleft\u00bb]Conoce ComunicAcci\u00f3[\/vc_column_text][vc_empty_space height=\u00bb20px\u00bb][vc_column_text css=\u00bb.vc_custom_1753645607411{padding-right: 20% !important;}\u00bb color=\u00bb#ffffff\u00bb font_size=\u00bb20&#8243; font_family=\u00bbQuestrial\u00bb font_weight=\u00bb400&#8243; line_height=\u00bbtight\u00bb text_align=\u00bbleft\u00bb] Soy Marta. Y detr\u00e1s de ComunicAcci\u00f3 hay pasi\u00f3n, escucha y compromiso. Una forma de hacer que pone a las personas en el centro&hellip;\" \/>\n<meta property=\"og:url\" content=\"https:\/\/comunicaccio.com\/es\/coneix-comunicaccio\/\" \/>\n<meta property=\"og:site_name\" content=\"ComunicAcci\u00f3 \u00b7 Connectem persones, impulsem projectes\" \/>\n<meta property=\"article:modified_time\" content=\"2025-07-27T19:51:58+00:00\" \/>\n<meta name=\"twitter:card\" content=\"summary_large_image\" \/>\n<meta name=\"twitter:label1\" content=\"Tiempo de lectura\" \/>\n\t<meta name=\"twitter:data1\" content=\"3 minutos\" \/>\n<script type=\"application\/ld+json\" class=\"yoast-schema-graph\">{\"@context\":\"https:\/\/schema.org\",\"@graph\":[{\"@type\":\"WebPage\",\"@id\":\"https:\/\/comunicaccio.com\/es\/coneix-comunicaccio\/\",\"url\":\"https:\/\/comunicaccio.com\/es\/coneix-comunicaccio\/\",\"name\":\"Conoce Comunicacci\u00f3 - ComunicAcci\u00f3 \u00b7 Connectem persones, impulsem projectes\",\"isPartOf\":{\"@id\":\"https:\/\/comunicaccio.com\/#website\"},\"datePublished\":\"2025-05-27T09:25:43+00:00\",\"dateModified\":\"2025-07-27T19:51:58+00:00\",\"breadcrumb\":{\"@id\":\"https:\/\/comunicaccio.com\/es\/coneix-comunicaccio\/#breadcrumb\"},\"inLanguage\":\"es\",\"potentialAction\":[{\"@type\":\"ReadAction\",\"target\":[\"https:\/\/comunicaccio.com\/es\/coneix-comunicaccio\/\"]}]},{\"@type\":\"BreadcrumbList\",\"@id\":\"https:\/\/comunicaccio.com\/es\/coneix-comunicaccio\/#breadcrumb\",\"itemListElement\":[{\"@type\":\"ListItem\",\"position\":1,\"name\":\"Home\",\"item\":\"https:\/\/comunicaccio.com\/es\/\"},{\"@type\":\"ListItem\",\"position\":2,\"name\":\"Conoce Comunicacci\u00f3\"}]},{\"@type\":\"WebSite\",\"@id\":\"https:\/\/comunicaccio.com\/#website\",\"url\":\"https:\/\/comunicaccio.com\/\",\"name\":\"ComunicAcci\u00f3 \u00b7 Connectem persones, impulsem projectes\",\"description\":\"Cetrex new project\",\"publisher\":{\"@id\":\"https:\/\/comunicaccio.com\/#organization\"},\"potentialAction\":[{\"@type\":\"SearchAction\",\"target\":{\"@type\":\"EntryPoint\",\"urlTemplate\":\"https:\/\/comunicaccio.com\/?s={search_term_string}\"},\"query-input\":{\"@type\":\"PropertyValueSpecification\",\"valueRequired\":true,\"valueName\":\"search_term_string\"}}],\"inLanguage\":\"es\"},{\"@type\":\"Organization\",\"@id\":\"https:\/\/comunicaccio.com\/#organization\",\"name\":\"ComunicAcci\u00f3 \u00b7 Connectem persones, impulsem projectes\",\"url\":\"https:\/\/comunicaccio.com\/\",\"logo\":{\"@type\":\"ImageObject\",\"inLanguage\":\"es\",\"@id\":\"https:\/\/comunicaccio.com\/#\/schema\/logo\/image\/\",\"url\":\"https:\/\/comunicaccio.com\/wp-content\/uploads\/2025\/05\/logoCOL.png\",\"contentUrl\":\"https:\/\/comunicaccio.com\/wp-content\/uploads\/2025\/05\/logoCOL.png\",\"width\":1591,\"height\":235,\"caption\":\"ComunicAcci\u00f3 \u00b7 Connectem persones, impulsem projectes\"},\"image\":{\"@id\":\"https:\/\/comunicaccio.com\/#\/schema\/logo\/image\/\"}}]}<\/script>\n<!-- \/ Yoast SEO plugin. -->","yoast_head_json":{"title":"Conoce Comunicacci\u00f3 - ComunicAcci\u00f3 \u00b7 Connectem persones, impulsem projectes","robots":{"index":"index","follow":"follow","max-snippet":"max-snippet:-1","max-image-preview":"max-image-preview:large","max-video-preview":"max-video-preview:-1"},"canonical":"https:\/\/comunicaccio.com\/es\/coneix-comunicaccio\/","og_locale":"es_ES","og_type":"article","og_title":"Conoce Comunicacci\u00f3 - ComunicAcci\u00f3 \u00b7 Connectem persones, impulsem projectes","og_description":"[vc_row full_width=\u00bbstretch_row_content_no_spaces\u00bb equal_height=\u00bbyes\u00bb][vc_column width=\u00bb1\/2&#8243; css=\u00bb.vc_custom_1748903576497{padding-left: 15% !important;background-color: #A1131C !important;}\u00bb][vc_empty_space height=\u00bb150px\u00bb][vc_column_text css=\u00bb.vc_custom_1753645579699{padding-right: 10% !important;border-color: #FFFFFF !important;}\u00bb color=\u00bb#ffffff\u00bb font_size=\u00bb50&#8243; font_family=\u00bbQuestrial\u00bb font_weight=\u00bb800&#8243; line_height=\u00bbtight\u00bb text_align=\u00bbleft\u00bb]Conoce ComunicAcci\u00f3[\/vc_column_text][vc_empty_space height=\u00bb20px\u00bb][vc_column_text css=\u00bb.vc_custom_1753645607411{padding-right: 20% !important;}\u00bb color=\u00bb#ffffff\u00bb font_size=\u00bb20&#8243; font_family=\u00bbQuestrial\u00bb font_weight=\u00bb400&#8243; line_height=\u00bbtight\u00bb text_align=\u00bbleft\u00bb] Soy Marta. Y detr\u00e1s de ComunicAcci\u00f3 hay pasi\u00f3n, escucha y compromiso. Una forma de hacer que pone a las personas en el centro&hellip;","og_url":"https:\/\/comunicaccio.com\/es\/coneix-comunicaccio\/","og_site_name":"ComunicAcci\u00f3 \u00b7 Connectem persones, impulsem projectes","article_modified_time":"2025-07-27T19:51:58+00:00","twitter_card":"summary_large_image","twitter_misc":{"Tiempo de lectura":"3 minutos"},"schema":{"@context":"https:\/\/schema.org","@graph":[{"@type":"WebPage","@id":"https:\/\/comunicaccio.com\/es\/coneix-comunicaccio\/","url":"https:\/\/comunicaccio.com\/es\/coneix-comunicaccio\/","name":"Conoce Comunicacci\u00f3 - ComunicAcci\u00f3 \u00b7 Connectem persones, impulsem projectes","isPartOf":{"@id":"https:\/\/comunicaccio.com\/#website"},"datePublished":"2025-05-27T09:25:43+00:00","dateModified":"2025-07-27T19:51:58+00:00","breadcrumb":{"@id":"https:\/\/comunicaccio.com\/es\/coneix-comunicaccio\/#breadcrumb"},"inLanguage":"es","potentialAction":[{"@type":"ReadAction","target":["https:\/\/comunicaccio.com\/es\/coneix-comunicaccio\/"]}]},{"@type":"BreadcrumbList","@id":"https:\/\/comunicaccio.com\/es\/coneix-comunicaccio\/#breadcrumb","itemListElement":[{"@type":"ListItem","position":1,"name":"Home","item":"https:\/\/comunicaccio.com\/es\/"},{"@type":"ListItem","position":2,"name":"Conoce Comunicacci\u00f3"}]},{"@type":"WebSite","@id":"https:\/\/comunicaccio.com\/#website","url":"https:\/\/comunicaccio.com\/","name":"ComunicAcci\u00f3 \u00b7 Connectem persones, impulsem projectes","description":"Cetrex new project","publisher":{"@id":"https:\/\/comunicaccio.com\/#organization"},"potentialAction":[{"@type":"SearchAction","target":{"@type":"EntryPoint","urlTemplate":"https:\/\/comunicaccio.com\/?s={search_term_string}"},"query-input":{"@type":"PropertyValueSpecification","valueRequired":true,"valueName":"search_term_string"}}],"inLanguage":"es"},{"@type":"Organization","@id":"https:\/\/comunicaccio.com\/#organization","name":"ComunicAcci\u00f3 \u00b7 Connectem persones, impulsem projectes","url":"https:\/\/comunicaccio.com\/","logo":{"@type":"ImageObject","inLanguage":"es","@id":"https:\/\/comunicaccio.com\/#\/schema\/logo\/image\/","url":"https:\/\/comunicaccio.com\/wp-content\/uploads\/2025\/05\/logoCOL.png","contentUrl":"https:\/\/comunicaccio.com\/wp-content\/uploads\/2025\/05\/logoCOL.png","width":1591,"height":235,"caption":"ComunicAcci\u00f3 \u00b7 Connectem persones, impulsem projectes"},"image":{"@id":"https:\/\/comunicaccio.com\/#\/schema\/logo\/image\/"}}]}},"_links":{"self":[{"href":"https:\/\/comunicaccio.com\/es\/wp-json\/wp\/v2\/pages\/540","targetHints":{"allow":["GET"]}}],"collection":[{"href":"https:\/\/comunicaccio.com\/es\/wp-json\/wp\/v2\/pages"}],"about":[{"href":"https:\/\/comunicaccio.com\/es\/wp-json\/wp\/v2\/types\/page"}],"author":[{"embeddable":true,"href":"https:\/\/comunicaccio.com\/es\/wp-json\/wp\/v2\/users\/2"}],"replies":[{"embeddable":true,"href":"https:\/\/comunicaccio.com\/es\/wp-json\/wp\/v2\/comments?post=540"}],"version-history":[{"count":7,"href":"https:\/\/comunicaccio.com\/es\/wp-json\/wp\/v2\/pages\/540\/revisions"}],"predecessor-version":[{"id":798,"href":"https:\/\/comunicaccio.com\/es\/wp-json\/wp\/v2\/pages\/540\/revisions\/798"}],"wp:attachment":[{"href":"https:\/\/comunicaccio.com\/es\/wp-json\/wp\/v2\/media?parent=540"}],"curies":[{"name":"wp","href":"https:\/\/api.w.org\/{rel}","templated":true}]}}